{"id":29452,"date":"2026-02-04T13:19:05","date_gmt":"2026-02-04T13:19:05","guid":{"rendered":"https:\/\/digimarket.ba\/?post_type=product&#038;p=29452"},"modified":"2026-02-04T13:19:06","modified_gmt":"2026-02-04T13:19:06","slug":"rukavice-zastitne-kozne-basic-rigger-wurth","status":"publish","type":"product","link":"https:\/\/digimarket.ba\/index.php\/product\/rukavice-zastitne-kozne-basic-rigger-wurth\/","title":{"rendered":"RUKAVICE ZA\u0160TITNE KO\u017dNE BASIC RIGGER WURTH"},"content":{"rendered":"<p data-start=\"336\" data-end=\"364\"><strong data-start=\"336\" data-end=\"364\">Tehni\u010dke karakteristike:<\/strong><\/p>\n<ul data-start=\"366\" data-end=\"835\">\n<li data-start=\"366\" data-end=\"408\">\n<p data-start=\"368\" data-end=\"408\">Tip proizvoda: Za\u0161titne ko\u017ene rukavice<\/p>\n<\/li>\n<li data-start=\"409\" data-end=\"435\">\n<p data-start=\"411\" data-end=\"435\">Materijal: Gove\u0111a ko\u017ea<\/p>\n<\/li>\n<li data-start=\"436\" data-end=\"473\">\n<p data-start=\"438\" data-end=\"473\">Prosje\u010dna debljina ko\u017ee: &gt; 0,9 mm<\/p>\n<\/li>\n<li data-start=\"474\" data-end=\"510\">\n<p data-start=\"476\" data-end=\"510\">Unutra\u0161nja izvedba: Bez podstave<\/p>\n<\/li>\n<li data-start=\"511\" data-end=\"543\">\n<p data-start=\"513\" data-end=\"543\">\u0160avovi: Za\u0161ti\u0107eni \/ skriveni<\/p>\n<\/li>\n<li data-start=\"544\" data-end=\"580\">\n<p data-start=\"546\" data-end=\"580\">Man\u017eeta: Elasti\u010dni otvor za ruku<\/p>\n<\/li>\n<li data-start=\"581\" data-end=\"608\">\n<p data-start=\"583\" data-end=\"608\">Boja: Bijela \/ prirodna<\/p>\n<\/li>\n<li data-start=\"609\" data-end=\"634\">\n<p data-start=\"611\" data-end=\"634\">Kategorija rizika: II<\/p>\n<\/li>\n<li data-start=\"635\" data-end=\"663\">\n<p data-start=\"637\" data-end=\"663\">EN 388 ocjena: 3.1.2.1.X<\/p>\n<\/li>\n<li data-start=\"664\" data-end=\"693\">\n<p data-start=\"666\" data-end=\"693\">Standardi: EN 420, EN 388<\/p>\n<\/li>\n<li data-start=\"694\" data-end=\"835\">\n<p data-start=\"696\" data-end=\"707\">Svojstva:<\/p>\n<ul data-start=\"710\" data-end=\"835\">\n<li data-start=\"710\" data-end=\"741\">\n<p data-start=\"712\" data-end=\"741\">Visoka otpornost na habanje<\/p>\n<\/li>\n<li data-start=\"744\" data-end=\"771\">\n<p data-start=\"746\" data-end=\"771\">Dobra mehani\u010dka za\u0161tita<\/p>\n<\/li>\n<li data-start=\"774\" data-end=\"802\">\n<p data-start=\"776\" data-end=\"802\">Udobne za dugotrajan rad<\/p>\n<\/li>\n<li data-start=\"805\" data-end=\"835\">\n<p data-start=\"807\" data-end=\"835\">Prirodna i izdr\u017eljiva ko\u017ea<\/p>\n<\/li>\n<\/ul>\n<\/li>\n<\/ul>\n","protected":false},"excerpt":{"rendered":"<p>Za\u0161titne rukavice od kvalitetne gove\u0111e ko\u017ee namijenjene su za srednja mehani\u010dka optere\u0107enja u zahtjevnim radnim uslovima. Izdr\u017eljiva ko\u017ea debljine iznad 0,9 mm, skriveni \u0161avovi i elasti\u010dni otvor za ruku osiguravaju dug vijek trajanja, udobnost i sigurnu za\u0161titu prilikom rada u gra\u0111evini, poljoprivredi i industriji.<\/p>\n","protected":false},"featured_media":29455,"comment_status":"open","ping_status":"closed","template":"","meta":[],"product_brand":[697],"product_cat":[358,305,501],"product_tag":[],"class_list":{"0":"post-29452","1":"product","2":"type-product","3":"status-publish","4":"has-post-thumbnail","6":"product_brand-wurth","7":"product_cat-obuca-odjeca-i-htz-oprema","8":"product_cat-oprema-za-servisere-radnicka","9":"product_cat-zastitna-oprema","11":"first","12":"instock","13":"taxable","14":"shipping-taxable","15":"purchasable","16":"product-type-variable","17":"ebbe-col"},"_links":{"self":[{"href":"https:\/\/digimarket.ba\/index.php\/wp-json\/wp\/v2\/product\/29452","targetHints":{"allow":["GET"]}}],"collection":[{"href":"https:\/\/digimarket.ba\/index.php\/wp-json\/wp\/v2\/product"}],"about":[{"href":"https:\/\/digimarket.ba\/index.php\/wp-json\/wp\/v2\/types\/product"}],"replies":[{"embeddable":true,"href":"https:\/\/digimarket.ba\/index.php\/wp-json\/wp\/v2\/comments?post=29452"}],"wp:featuredmedia":[{"embeddable":true,"href":"https:\/\/digimarket.ba\/index.php\/wp-json\/wp\/v2\/media\/29455"}],"wp:attachment":[{"href":"https:\/\/digimarket.ba\/index.php\/wp-json\/wp\/v2\/media?parent=29452"}],"wp:term":[{"taxonomy":"product_brand","embeddable":true,"href":"https:\/\/digimarket.ba\/index.php\/wp-json\/wp\/v2\/product_brand?post=29452"},{"taxonomy":"product_cat","embeddable":true,"href":"https:\/\/digimarket.ba\/index.php\/wp-json\/wp\/v2\/product_cat?post=29452"},{"taxonomy":"product_tag","embeddable":true,"href":"https:\/\/digimarket.ba\/index.php\/wp-json\/wp\/v2\/product_tag?post=29452"}],"curies":[{"name":"wp","href":"https:\/\/api.w.org\/{rel}","templated":true}]}}